{"id":66,"date":"2022-08-14T14:04:04","date_gmt":"2022-08-14T14:04:04","guid":{"rendered":"https:\/\/langszij.nl\/?page_id=66"},"modified":"2023-02-28T19:12:59","modified_gmt":"2023-02-28T19:12:59","slug":"lidmaatschap","status":"publish","type":"page","link":"https:\/\/langszij.nl\/?page_id=66","title":{"rendered":"Lidmaatschap"},"content":{"rendered":"\n<p>Om deel te nemen aan de activiteiten van Langszij moet je lid zijn van de vereniging. Zodra je lid bent, melden wij je automatisch aan voor een NTFU-lidmaatschap. Hiermee ben je verzekerd tijdens trainingen en ritten. <\/p>\n\n\n\n<div style=\"height:25px\" aria-hidden=\"true\" class=\"wp-block-spacer\"><\/div>\n\n\n\n<p><strong>Standaard lidmaatschap Langszij<\/strong><\/p>\n\n\n\n<ul class=\"wp-block-list\">\n<li><a href=\"https:\/\/www.ntfu.nl\/ledenvoordeel\"><mark style=\"background-color:rgba(0, 0, 0, 0);\" class=\"has-inline-color has-primary-color\">NTFU-lidmaatschap<\/mark><\/a>\n<ul class=\"wp-block-list\">\n<li>NTFU-ledenpas<\/li>\n\n\n\n<li>NTFU-verzekering<\/li>\n<\/ul>\n<\/li>\n\n\n\n<li><a href=\"https:\/\/langszij.nl\/?page_id=56\" data-type=\"page\" data-id=\"56\"><mark style=\"background-color:rgba(0, 0, 0, 0);\" class=\"has-inline-color has-primary-color\">Wielertraining<\/mark><\/a> van enthousiaste trainers<\/li>\n\n\n\n<li><a href=\"https:\/\/langszij.nl\/?page_id=56\" data-type=\"page\" data-id=\"56\"><mark style=\"background-color:rgba(0, 0, 0, 0);\" class=\"has-inline-color has-primary-color\">Toeren<\/mark><\/a>&nbsp;met Langszij<\/li>\n\n\n\n<li>En nog veel meer leuke <a href=\"https:\/\/langszij.nl\/?page_id=54\" data-type=\"page\" data-id=\"54\"><mark style=\"background-color:rgba(0, 0, 0, 0);\" class=\"has-inline-color has-primary-color\">activiteiten<\/mark><\/a><\/li>\n<\/ul>\n\n\n\n<p>Kosten:\u00a0\u00a0\u20ac80,- per jaar <\/p>\n\n\n\n<div style=\"height:25px\" aria-hidden=\"true\" class=\"wp-block-spacer\"><\/div>\n\n\n\n<p><strong>Vrijblijvend proberen<\/strong><\/p>\n\n\n\n<p>Wil je er zeker van zijn dat Langszij bij je past? Kom dan een keer vrijblijvend met ons meefietsen, neem <a href=\"https:\/\/langszij.nl\/?page_id=23\" data-type=\"page\" data-id=\"23\"><mark style=\"background-color:rgba(0, 0, 0, 0);\" class=\"has-inline-color has-primary-color\">contact<\/mark><\/a> op voor meer informatie. <\/p>\n\n\n\n<div style=\"height:50px\" aria-hidden=\"true\" class=\"wp-block-spacer\"><\/div>\n\n\n\n<p><strong>Lidmaatschap opzeggen<\/strong><\/p>\n\n\n\n<p>Heel jammer. Maar opzeggen is simpel. Dit doe je door een mail te sturen naar&nbsp;<a href=\"mailto:info@langszij.nl\">info@langszij.nl<\/a>&nbsp;met jouw naam en reden van opzegging.&nbsp;Let op: geef&nbsp;v\u00f3\u00f3r 1 december&nbsp;door dat jij voor het komende seizoen je lidmaatschap be\u00ebindigt. <\/p>\n","protected":false},"excerpt":{"rendered":"<p>Om deel te nemen aan de activiteiten van Langszij moet je lid zijn van de vereniging. Zodra je lid bent, melden wij je automatisch aan voor een NTFU-lidmaatschap. Hiermee ben [&hellip;]<\/p>\n","protected":false},"author":1,"featured_media":0,"parent":0,"menu_order":0,"comment_status":"closed","ping_status":"closed","template":"","meta":{"_EventAllDay":false,"_EventTimezone":"","_EventStartDate":"","_EventEndDate":"","_EventStartDateUTC":"","_EventEndDateUTC":"","_EventShowMap":false,"_EventShowMapLink":false,"_EventURL":"","_EventCost":"","_EventCostDescription":"","_EventCurrencySymbol":"","_EventCurrencyCode":"","_EventCurrencyPosition":"","_EventDateTimeSeparator":"","_EventTimeRangeSeparator":"","_EventOrganizerID":[],"_EventVenueID":[],"_OrganizerEmail":"","_OrganizerPhone":"","_OrganizerWebsite":"","_VenueAddress":"","_VenueCity":"","_VenueCountry":"","_VenueProvince":"","_VenueState":"","_VenueZip":"","_VenuePhone":"","_VenueURL":"","_VenueStateProvince":"","_VenueLat":"","_VenueLng":"","_VenueShowMap":false,"_VenueShowMapLink":false,"footnotes":""},"class_list":["post-66","page","type-page","status-publish","hentry"],"jetpack_sharing_enabled":true,"_links":{"self":[{"href":"https:\/\/langszij.nl\/index.php?rest_route=\/wp\/v2\/pages\/66","targetHints":{"allow":["GET"]}}],"collection":[{"href":"https:\/\/langszij.nl\/index.php?rest_route=\/wp\/v2\/pages"}],"about":[{"href":"https:\/\/langszij.nl\/index.php?rest_route=\/wp\/v2\/types\/page"}],"author":[{"embeddable":true,"href":"https:\/\/langszij.nl\/index.php?rest_route=\/wp\/v2\/users\/1"}],"replies":[{"embeddable":true,"href":"https:\/\/langszij.nl\/index.php?rest_route=%2Fwp%2Fv2%2Fcomments&post=66"}],"version-history":[{"count":4,"href":"https:\/\/langszij.nl\/index.php?rest_route=\/wp\/v2\/pages\/66\/revisions"}],"predecessor-version":[{"id":279,"href":"https:\/\/langszij.nl\/index.php?rest_route=\/wp\/v2\/pages\/66\/revisions\/279"}],"wp:attachment":[{"href":"https:\/\/langszij.nl\/index.php?rest_route=%2Fwp%2Fv2%2Fmedia&parent=66"}],"curies":[{"name":"wp","href":"https:\/\/api.w.org\/{rel}","templated":true}]}}